{"id":2869,"date":"2025-07-18T10:15:44","date_gmt":"2025-07-18T10:15:44","guid":{"rendered":"https:\/\/medecin.mu\/blog\/"},"modified":"2026-04-11T12:47:29","modified_gmt":"2026-04-11T12:47:29","slug":"blog","status":"publish","type":"page","link":"https:\/\/medecin.mu\/fr\/blog\/","title":{"rendered":"Blog"},"content":{"rendered":"\t\t<div data-elementor-type=\"wp-page\" data-elementor-id=\"2869\" class=\"elementor elementor-2869 elementor-616\" data-elementor-post-type=\"page\">\n\t\t\t\t<div class=\"elementor-element elementor-element-d6c6d4a e-con-full e-flex e-con e-parent\" data-id=\"d6c6d4a\" data-element_type=\"container\" data-e-type=\"container\" fetchpriority=\"high, loading\">\n\t\t\t\t<div class=\"elementor-element elementor-element-7fea01f elementor-widget__width-initial elementor-widget elementor-widget-image\" data-id=\"7fea01f\" data-element_type=\"widget\" data-e-type=\"widget\" data-widget_type=\"image.default\">\n\t\t\t\t<div class=\"elementor-widget-container\">\n\t\t\t\t\t\t\t\t\t\t\t\t\t\t\t<img loading=\"lazy\" decoding=\"async\" width=\"1728\" height=\"1116\" src=\"https:\/\/medecin.mu\/wp-content\/uploads\/2026\/01\/docteur-a-domicile-maurice-clinic-reception.avif\" class=\"attachment-full size-full wp-image-2711\" alt=\"Zone de r\u00e9ception int\u00e9rieure de la clinique M\u00e9decin \u00e0 Domicile avec un mur vert et le logo sur la porte\" \/>\t\t\t\t\t\t\t\t\t\t\t\t\t\t\t<\/div>\n\t\t\t\t<\/div>\n\t\t<div class=\"elementor-element elementor-element-47c754c e-flex e-con-boxed e-con e-child\" data-id=\"47c754c\" data-element_type=\"container\" data-e-type=\"container\" data-settings=\"{&quot;background_background&quot;:&quot;classic&quot;}\">\n\t\t\t\t\t<div class=\"e-con-inner\">\n\t\t<div class=\"elementor-element elementor-element-dfa9f5a e-con-full e-flex e-con e-child\" data-id=\"dfa9f5a\" data-element_type=\"container\" data-e-type=\"container\" data-settings=\"{&quot;animation_tablet&quot;:&quot;none&quot;}\">\n\t\t\t\t<div class=\"elementor-element elementor-element-faa5e4b elementor-widget elementor-widget-html\" data-id=\"faa5e4b\" data-element_type=\"widget\" data-e-type=\"widget\" data-widget_type=\"html.default\">\n\t\t\t\t<div class=\"elementor-widget-container\">\n\t\t\t\t\t<h1 class=\"lcp-test-h1\" style=\"  font-family: system-ui, -apple-system, BlinkMacSystemFont, 'Segoe UI', Roboto, Helvetica, Arial, sans-serif; font-weight: 600; font-size: clamp(32px, 5vw, 50px); line-height: 1.1; margin: 0 auto; max-width: 800px; color: #fff; text-align: center;  \">\nActualit\u00e9s\n<\/h1>\n\t\t\t\t<\/div>\n\t\t\t\t<\/div>\n\t\t<div class=\"elementor-element elementor-element-54b4ad7 e-con-full e-flex e-con e-child\" data-id=\"54b4ad7\" data-element_type=\"container\" data-e-type=\"container\">\n\t\t\t\t<div class=\"elementor-element elementor-element-dc0bf10 elementor-mobile-align-justify elementor-widget elementor-widget-button\" data-id=\"dc0bf10\" data-element_type=\"widget\" data-e-type=\"widget\" data-widget_type=\"button.default\">\n\t\t\t\t<div class=\"elementor-widget-container\">\n\t\t\t\t\t\t\t\t\t<div class=\"elementor-button-wrapper\">\n\t\t\t\t\t<a class=\"elementor-button elementor-button-link elementor-size-sm\" href=\"tel:86121\">\n\t\t\t\t\t\t<span class=\"elementor-button-content-wrapper\">\n\t\t\t\t\t\t\t\t\t<span class=\"elementor-button-text\">Besoin d\u2019un m\u00e9decin \u00e0 domicile ? Appelez maintenant \u2013 86121 <\/span>\n\t\t\t\t\t<\/span>\n\t\t\t\t\t<\/a>\n\t\t\t\t<\/div>\n\t\t\t\t\t\t\t\t<\/div>\n\t\t\t\t<\/div>\n\t\t\t\t<\/div>\n\t\t<div class=\"elementor-element elementor-element-b889812 e-con-full e-flex e-con e-child\" data-id=\"b889812\" data-element_type=\"container\" data-e-type=\"container\">\n\t\t\t\t<div class=\"elementor-element elementor-element-20707a9 elementor-widget elementor-widget-image\" data-id=\"20707a9\" data-element_type=\"widget\" data-e-type=\"widget\" data-widget_type=\"image.default\">\n\t\t\t\t<div class=\"elementor-widget-container\">\n\t\t\t\t\t\t\t\t\t\t\t\t\t\t\t<img loading=\"lazy\" decoding=\"async\" width=\"482\" height=\"194\" src=\"https:\/\/medecin.mu\/wp-content\/uploads\/2026\/01\/home-doctor-mauritius-24-7-coverage-map.avif\" class=\"attachment-large size-large wp-image-2709\" alt=\"Graphique montrant une carte de l&#039;\u00eele Maurice avec une ic\u00f4ne 24h\/24 et 7j\/7 et le texte \u00ab Vous restez chez vous Nous venons \u00e0 vous \u00bb.\" \/>\t\t\t\t\t\t\t\t\t\t\t\t\t\t\t<\/div>\n\t\t\t\t<\/div>\n\t\t\t\t<div class=\"elementor-element elementor-element-c7abaac elementor-widget elementor-widget-image\" data-id=\"c7abaac\" data-element_type=\"widget\" data-e-type=\"widget\" data-widget_type=\"image.default\">\n\t\t\t\t<div class=\"elementor-widget-container\">\n\t\t\t\t\t\t\t\t\t\t\t\t\t\t\t<img loading=\"lazy\" decoding=\"async\" width=\"362\" height=\"195\" src=\"https:\/\/medecin.mu\/wp-content\/uploads\/2026\/01\/86121-hotline-medecin-a-domicile-mauritius.avif\" class=\"attachment-large size-large wp-image-2730\" alt=\"Num\u00e9ro de contact pour M\u00e9decin \u00e0 Domicile affichant la hotline 86121\" \/>\t\t\t\t\t\t\t\t\t\t\t\t\t\t\t<\/div>\n\t\t\t\t<\/div>\n\t\t\t\t<\/div>\n\t\t\t\t<\/div>\n\t\t\t\t\t<\/div>\n\t\t\t\t<\/div>\n\t\t\t\t<\/div>\n\t\t<div class=\"elementor-element elementor-element-a42b4bd e-flex e-con-boxed e-con e-parent\" data-id=\"a42b4bd\" data-element_type=\"container\" data-e-type=\"container\">\n\t\t\t\t\t<div class=\"e-con-inner\">\n\t\t\t\t<div class=\"elementor-element elementor-element-2aeff8f elementor-grid-laptop-3 elementor-grid-3 elementor-grid-tablet-2 elementor-grid-mobile-1 elementor-widget elementor-widget-loop-grid\" data-id=\"2aeff8f\" data-element_type=\"widget\" data-e-type=\"widget\" data-settings=\"{&quot;template_id&quot;:618,&quot;columns_laptop&quot;:3,&quot;_skin&quot;:&quot;post&quot;,&quot;columns&quot;:&quot;3&quot;,&quot;columns_tablet&quot;:&quot;2&quot;,&quot;columns_mobile&quot;:&quot;1&quot;,&quot;edit_handle_selector&quot;:&quot;[data-elementor-type=\\&quot;loop-item\\&quot;]&quot;,&quot;row_gap&quot;:{&quot;unit&quot;:&quot;px&quot;,&quot;size&quot;:&quot;&quot;,&quot;sizes&quot;:[]},&quot;row_gap_laptop&quot;:{&quot;unit&quot;:&quot;px&quot;,&quot;size&quot;:&quot;&quot;,&quot;sizes&quot;:[]},&quot;row_gap_tablet&quot;:{&quot;unit&quot;:&quot;px&quot;,&quot;size&quot;:&quot;&quot;,&quot;sizes&quot;:[]},&quot;row_gap_mobile&quot;:{&quot;unit&quot;:&quot;px&quot;,&quot;size&quot;:&quot;&quot;,&quot;sizes&quot;:[]}}\" data-widget_type=\"loop-grid.post\">\n\t\t\t\t<div class=\"elementor-widget-container\">\n\t\t\t\t\t\t\t<div class=\"elementor-loop-container elementor-grid\" role=\"list\">\n\t\t<style id=\"loop-618\">.elementor-618 .elementor-element.elementor-element-d40a17b{--display:flex;--border-radius:10px 10px 10px 10px;box-shadow:0px 0px 10px -5px rgba(0,0,0,0.5);--padding-top:0px;--padding-bottom:30px;--padding-left:0px;--padding-right:0px;}.elementor-618 .elementor-element.elementor-element-d40a17b:hover{box-shadow:0px 0px 10px 0px rgba(0,0,0,0.5);}.elementor-widget-theme-post-featured-image .widget-image-caption{color:var( --e-global-color-text );font-family:var( --e-global-typography-text-font-family ), Sans-serif;font-size:var( --e-global-typography-text-font-size );font-weight:var( --e-global-typography-text-font-weight );line-height:var( --e-global-typography-text-line-height );}.elementor-618 .elementor-element.elementor-element-65a3e64 img{height:292px;object-fit:cover;object-position:center center;border-radius:10px 10px 10px 10px;}.elementor-618 .elementor-element.elementor-element-87e1f71{--display:flex;--padding-top:0px;--padding-bottom:0px;--padding-left:20px;--padding-right:20px;}.elementor-widget-theme-post-title .elementor-heading-title{font-family:var( --e-global-typography-primary-font-family ), Sans-serif;font-size:var( --e-global-typography-primary-font-size );font-weight:var( --e-global-typography-primary-font-weight );line-height:var( --e-global-typography-primary-line-height );color:var( --e-global-color-primary );}.elementor-618 .elementor-element.elementor-element-da4b1bc .elementor-heading-title{font-family:\"Roboto\", Sans-serif;font-size:24px;font-weight:600;line-height:1em;color:#000000;}.elementor-618 .elementor-element.elementor-element-da4b1bc > .elementor-widget-container{padding:10px 0px 0px 0px;}.elementor-widget-theme-post-excerpt .elementor-widget-container{font-family:var( --e-global-typography-text-font-family ), Sans-serif;font-size:var( --e-global-typography-text-font-size );font-weight:var( --e-global-typography-text-font-weight );line-height:var( --e-global-typography-text-line-height );color:var( --e-global-color-text );}.elementor-618 .elementor-element.elementor-element-13a0f13 .elementor-widget-container{text-align:start;}.elementor-widget-heading .elementor-heading-title{font-family:var( --e-global-typography-primary-font-family ), Sans-serif;font-size:var( --e-global-typography-primary-font-size );font-weight:var( --e-global-typography-primary-font-weight );line-height:var( --e-global-typography-primary-line-height );color:var( --e-global-color-primary );}.elementor-618 .elementor-element.elementor-element-8a0cc64 .elementor-heading-title{font-family:\"Roboto\", Sans-serif;font-size:16px;font-weight:400;text-decoration:underline;line-height:1em;}@media(max-width:1400px){.elementor-widget-theme-post-featured-image .widget-image-caption{font-size:var( --e-global-typography-text-font-size );line-height:var( --e-global-typography-text-line-height );}.elementor-widget-theme-post-title .elementor-heading-title{font-size:var( --e-global-typography-primary-font-size );line-height:var( --e-global-typography-primary-line-height );}.elementor-widget-theme-post-excerpt .elementor-widget-container{font-size:var( --e-global-typography-text-font-size );line-height:var( --e-global-typography-text-line-height );}.elementor-widget-heading .elementor-heading-title{font-size:var( --e-global-typography-primary-font-size );line-height:var( --e-global-typography-primary-line-height );}}@media(max-width:1024px){.elementor-widget-theme-post-featured-image .widget-image-caption{font-size:var( --e-global-typography-text-font-size );line-height:var( --e-global-typography-text-line-height );}.elementor-widget-theme-post-title .elementor-heading-title{font-size:var( --e-global-typography-primary-font-size );line-height:var( --e-global-typography-primary-line-height );}.elementor-618 .elementor-element.elementor-element-da4b1bc .elementor-heading-title{font-size:24px;}.elementor-widget-theme-post-excerpt .elementor-widget-container{font-size:var( --e-global-typography-text-font-size );line-height:var( --e-global-typography-text-line-height );}.elementor-widget-heading .elementor-heading-title{font-size:var( --e-global-typography-primary-font-size );line-height:var( --e-global-typography-primary-line-height );}.elementor-618 .elementor-element.elementor-element-8a0cc64 .elementor-heading-title{font-size:16px;}}@media(max-width:767px){.elementor-widget-theme-post-featured-image .widget-image-caption{font-size:var( --e-global-typography-text-font-size );line-height:var( --e-global-typography-text-line-height );}.elementor-618 .elementor-element.elementor-element-65a3e64 img{height:207px;}.elementor-widget-theme-post-title .elementor-heading-title{font-size:var( --e-global-typography-primary-font-size );line-height:var( --e-global-typography-primary-line-height );}.elementor-618 .elementor-element.elementor-element-da4b1bc .elementor-heading-title{font-size:24px;}.elementor-widget-theme-post-excerpt .elementor-widget-container{font-size:var( --e-global-typography-text-font-size );line-height:var( --e-global-typography-text-line-height );}.elementor-widget-heading .elementor-heading-title{font-size:var( --e-global-typography-primary-font-size );line-height:var( --e-global-typography-primary-line-height );}.elementor-618 .elementor-element.elementor-element-8a0cc64 .elementor-heading-title{font-size:16px;}}<\/style>\t\t<div data-elementor-type=\"loop-item\" data-elementor-id=\"618\" class=\"elementor elementor-618 e-loop-item e-loop-item-2876 post-2876 post type-post status-publish format-standard has-post-thumbnail hentry category-blog\" data-elementor-post-type=\"elementor_library\" data-custom-edit-handle=\"1\">\n\t\t\t<a class=\"elementor-element elementor-element-d40a17b e-flex e-con-boxed e-con e-parent\" data-id=\"d40a17b\" data-element_type=\"container\" data-e-type=\"container\" href=\"https:\/\/medecin.mu\/fr\/medecin-a-domicile-vs-hopital-a-maurice-quand-appeler-le-86121\/\">\n\t\t\t\t\t<div class=\"e-con-inner\">\n\t\t\t\t<div class=\"elementor-element elementor-element-65a3e64 elementor-widget elementor-widget-theme-post-featured-image elementor-widget-image\" data-id=\"65a3e64\" data-element_type=\"widget\" data-e-type=\"widget\" data-widget_type=\"theme-post-featured-image.default\">\n\t\t\t\t<div class=\"elementor-widget-container\">\n\t\t\t\t\t\t\t\t\t\t\t\t\t\t\t<img loading=\"lazy\" decoding=\"async\" width=\"800\" height=\"447\" src=\"https:\/\/medecin.mu\/wp-content\/uploads\/2026\/01\/Elderly-Care-at-Home-1024x572.png\" class=\"attachment-large size-large wp-image-2875\" alt=\"Soins aux personnes \u00e2g\u00e9es \u00e0 domicile\" srcset=\"https:\/\/medecin.mu\/wp-content\/uploads\/2026\/01\/Elderly-Care-at-Home-1024x572.png 1024w, https:\/\/medecin.mu\/wp-content\/uploads\/2026\/01\/Elderly-Care-at-Home-300x167.png 300w, https:\/\/medecin.mu\/wp-content\/uploads\/2026\/01\/Elderly-Care-at-Home-768x429.png 768w, https:\/\/medecin.mu\/wp-content\/uploads\/2026\/01\/Elderly-Care-at-Home.png 1376w\" sizes=\"auto, (max-width: 800px) 100vw, 800px\" \/>\t\t\t\t\t\t\t\t\t\t\t\t\t\t\t<\/div>\n\t\t\t\t<\/div>\n\t\t<div class=\"elementor-element elementor-element-87e1f71 e-con-full e-flex e-con e-child\" data-id=\"87e1f71\" data-element_type=\"container\" data-e-type=\"container\">\n\t\t\t\t<div class=\"elementor-element elementor-element-da4b1bc elementor-widget elementor-widget-theme-post-title elementor-page-title elementor-widget-heading\" data-id=\"da4b1bc\" data-element_type=\"widget\" data-e-type=\"widget\" data-widget_type=\"theme-post-title.default\">\n\t\t\t\t<div class=\"elementor-widget-container\">\n\t\t\t\t\t<h2 class=\"elementor-heading-title elementor-size-default\">M\u00e9decin \u00e0 domicile vs h\u00f4pital \u00e0 Maurice | Quand appeler le 86121<\/h2>\t\t\t\t<\/div>\n\t\t\t\t<\/div>\n\t\t\t\t<div class=\"elementor-element elementor-element-13a0f13 elementor-widget elementor-widget-theme-post-excerpt\" data-id=\"13a0f13\" data-element_type=\"widget\" data-e-type=\"widget\" data-widget_type=\"theme-post-excerpt.default\">\n\t\t\t\t<div class=\"elementor-widget-container\">\n\t\t\t\t\t<p>M\u00e9decin \u00e0 domicile vs aller \u00e0 l\u2019h\u00f4pital : guide de d\u00e9cision pour les familles \u00e0 Maurice Lorsqu\u2019un membre de votre famille tombe malade ou se blesse, une question se pose...\t\t\t\t<\/div>\n\t\t\t\t<\/div>\n\t\t\t\t<div class=\"elementor-element elementor-element-8a0cc64 elementor-widget elementor-widget-heading\" data-id=\"8a0cc64\" data-element_type=\"widget\" data-e-type=\"widget\" data-widget_type=\"heading.default\">\n\t\t\t\t<div class=\"elementor-widget-container\">\n\t\t\t\t\t<h4 class=\"elementor-heading-title elementor-size-default\">Read More<\/h4>\t\t\t\t<\/div>\n\t\t\t\t<\/div>\n\t\t\t\t<\/div>\n\t\t\t\t\t<\/div>\n\t\t\t\t<\/a>\n\t\t\t\t<\/div>\n\t\t\t\t<div data-elementor-type=\"loop-item\" data-elementor-id=\"618\" class=\"elementor elementor-618 e-loop-item e-loop-item-2863 post-2863 post type-post status-publish format-standard has-post-thumbnail hentry category-blog\" data-elementor-post-type=\"elementor_library\" data-custom-edit-handle=\"1\">\n\t\t\t<a class=\"elementor-element elementor-element-d40a17b e-flex e-con-boxed e-con e-parent\" data-id=\"d40a17b\" data-element_type=\"container\" data-e-type=\"container\" href=\"https:\/\/medecin.mu\/fr\/services-de-soins-a-domicile-a-maurice-guide-complet-2026\/\">\n\t\t\t\t\t<div class=\"e-con-inner\">\n\t\t\t\t<div class=\"elementor-element elementor-element-65a3e64 elementor-widget elementor-widget-theme-post-featured-image elementor-widget-image\" data-id=\"65a3e64\" data-element_type=\"widget\" data-e-type=\"widget\" data-widget_type=\"theme-post-featured-image.default\">\n\t\t\t\t<div class=\"elementor-widget-container\">\n\t\t\t\t\t\t\t\t\t\t\t\t\t\t\t<img loading=\"lazy\" decoding=\"async\" width=\"800\" height=\"534\" src=\"https:\/\/medecin.mu\/wp-content\/uploads\/2026\/01\/medecin-a-domicile-mobile-doctor-mauritius.avif\" class=\"attachment-large size-large wp-image-2731\" alt=\"Voiture et ambulance de M\u00e9decin \u00e0 Domicile pr\u00eates pour une visite m\u00e9dicale \u00e0 domicile \u00e0 Maurice\" \/>\t\t\t\t\t\t\t\t\t\t\t\t\t\t\t<\/div>\n\t\t\t\t<\/div>\n\t\t<div class=\"elementor-element elementor-element-87e1f71 e-con-full e-flex e-con e-child\" data-id=\"87e1f71\" data-element_type=\"container\" data-e-type=\"container\">\n\t\t\t\t<div class=\"elementor-element elementor-element-da4b1bc elementor-widget elementor-widget-theme-post-title elementor-page-title elementor-widget-heading\" data-id=\"da4b1bc\" data-element_type=\"widget\" data-e-type=\"widget\" data-widget_type=\"theme-post-title.default\">\n\t\t\t\t<div class=\"elementor-widget-container\">\n\t\t\t\t\t<h2 class=\"elementor-heading-title elementor-size-default\">Services de soins \u00e0 domicile \u00e0 Maurice | Guide complet 2026<\/h2>\t\t\t\t<\/div>\n\t\t\t\t<\/div>\n\t\t\t\t<div class=\"elementor-element elementor-element-13a0f13 elementor-widget elementor-widget-theme-post-excerpt\" data-id=\"13a0f13\" data-element_type=\"widget\" data-e-type=\"widget\" data-widget_type=\"theme-post-excerpt.default\">\n\t\t\t\t<div class=\"elementor-widget-container\">\n\t\t\t\t\t<p>Services de soins \u00e0 domicile \u00e0 Maurice : un guide complet pour les familles Lorsqu\u2019un membre de la famille se remet d\u2019une intervention chirurgicale, g\u00e8re une maladie chronique ou devient...\t\t\t\t<\/div>\n\t\t\t\t<\/div>\n\t\t\t\t<div class=\"elementor-element elementor-element-8a0cc64 elementor-widget elementor-widget-heading\" data-id=\"8a0cc64\" data-element_type=\"widget\" data-e-type=\"widget\" data-widget_type=\"heading.default\">\n\t\t\t\t<div class=\"elementor-widget-container\">\n\t\t\t\t\t<h4 class=\"elementor-heading-title elementor-size-default\">Read More<\/h4>\t\t\t\t<\/div>\n\t\t\t\t<\/div>\n\t\t\t\t<\/div>\n\t\t\t\t\t<\/div>\n\t\t\t\t<\/a>\n\t\t\t\t<\/div>\n\t\t\t\t<div data-elementor-type=\"loop-item\" data-elementor-id=\"618\" class=\"elementor elementor-618 e-loop-item e-loop-item-2868 post-2868 post type-post status-publish format-standard has-post-thumbnail hentry category-blog\" data-elementor-post-type=\"elementor_library\" data-custom-edit-handle=\"1\">\n\t\t\t<a class=\"elementor-element elementor-element-d40a17b e-flex e-con-boxed e-con e-parent\" data-id=\"d40a17b\" data-element_type=\"container\" data-e-type=\"container\" href=\"https:\/\/medecin.mu\/fr\/gerer-une-forte-fievre-a-domicile-a-maurice-guide-familial\/\">\n\t\t\t\t\t<div class=\"e-con-inner\">\n\t\t\t\t<div class=\"elementor-element elementor-element-65a3e64 elementor-widget elementor-widget-theme-post-featured-image elementor-widget-image\" data-id=\"65a3e64\" data-element_type=\"widget\" data-e-type=\"widget\" data-widget_type=\"theme-post-featured-image.default\">\n\t\t\t\t<div class=\"elementor-widget-container\">\n\t\t\t\t\t\t\t\t\t\t\t\t\t\t\t<img loading=\"lazy\" decoding=\"async\" width=\"800\" height=\"447\" src=\"https:\/\/medecin.mu\/wp-content\/uploads\/2026\/03\/Managing-High-Fever-at-Home-in-Mauritius-1024x572.avif\" class=\"attachment-large size-large wp-image-2867\" alt=\"G\u00e9rer une forte fi\u00e8vre \u00e0 domicile \u00e0 Maurice\" srcset=\"https:\/\/medecin.mu\/wp-content\/uploads\/2026\/03\/Managing-High-Fever-at-Home-in-Mauritius-1024x572.avif 1024w, https:\/\/medecin.mu\/wp-content\/uploads\/2026\/03\/Managing-High-Fever-at-Home-in-Mauritius-300x167.avif 300w, https:\/\/medecin.mu\/wp-content\/uploads\/2026\/03\/Managing-High-Fever-at-Home-in-Mauritius-768x429.avif 768w, https:\/\/medecin.mu\/wp-content\/uploads\/2026\/03\/Managing-High-Fever-at-Home-in-Mauritius.avif 1376w\" sizes=\"auto, (max-width: 800px) 100vw, 800px\" \/>\t\t\t\t\t\t\t\t\t\t\t\t\t\t\t<\/div>\n\t\t\t\t<\/div>\n\t\t<div class=\"elementor-element elementor-element-87e1f71 e-con-full e-flex e-con e-child\" data-id=\"87e1f71\" data-element_type=\"container\" data-e-type=\"container\">\n\t\t\t\t<div class=\"elementor-element elementor-element-da4b1bc elementor-widget elementor-widget-theme-post-title elementor-page-title elementor-widget-heading\" data-id=\"da4b1bc\" data-element_type=\"widget\" data-e-type=\"widget\" data-widget_type=\"theme-post-title.default\">\n\t\t\t\t<div class=\"elementor-widget-container\">\n\t\t\t\t\t<h2 class=\"elementor-heading-title elementor-size-default\">G\u00e9rer une forte fi\u00e8vre \u00e0 domicile \u00e0 Maurice | Guide familial<\/h2>\t\t\t\t<\/div>\n\t\t\t\t<\/div>\n\t\t\t\t<div class=\"elementor-element elementor-element-13a0f13 elementor-widget elementor-widget-theme-post-excerpt\" data-id=\"13a0f13\" data-element_type=\"widget\" data-e-type=\"widget\" data-widget_type=\"theme-post-excerpt.default\">\n\t\t\t\t<div class=\"elementor-widget-container\">\n\t\t\t\t\t<p>G\u00e9rer une forte fi\u00e8vre \u00e0 domicile \u00e0 Maurice : un guide pratique pour les familles La fi\u00e8vre est l\u2019une des raisons les plus fr\u00e9quentes pour lesquelles les familles \u00e0 Maurice...\t\t\t\t<\/div>\n\t\t\t\t<\/div>\n\t\t\t\t<div class=\"elementor-element elementor-element-8a0cc64 elementor-widget elementor-widget-heading\" data-id=\"8a0cc64\" data-element_type=\"widget\" data-e-type=\"widget\" data-widget_type=\"heading.default\">\n\t\t\t\t<div class=\"elementor-widget-container\">\n\t\t\t\t\t<h4 class=\"elementor-heading-title elementor-size-default\">Read More<\/h4>\t\t\t\t<\/div>\n\t\t\t\t<\/div>\n\t\t\t\t<\/div>\n\t\t\t\t\t<\/div>\n\t\t\t\t<\/a>\n\t\t\t\t<\/div>\n\t\t\t\t<div data-elementor-type=\"loop-item\" data-elementor-id=\"618\" class=\"elementor elementor-618 e-loop-item e-loop-item-2864 post-2864 post type-post status-publish format-standard has-post-thumbnail hentry category-blog\" data-elementor-post-type=\"elementor_library\" data-custom-edit-handle=\"1\">\n\t\t\t<a class=\"elementor-element elementor-element-d40a17b e-flex e-con-boxed e-con e-parent\" data-id=\"d40a17b\" data-element_type=\"container\" data-e-type=\"container\" href=\"https:\/\/medecin.mu\/fr\/medecin-a-domicile-a-maurice-guide-complet-medecin-a-domicile\/\">\n\t\t\t\t\t<div class=\"e-con-inner\">\n\t\t\t\t<div class=\"elementor-element elementor-element-65a3e64 elementor-widget elementor-widget-theme-post-featured-image elementor-widget-image\" data-id=\"65a3e64\" data-element_type=\"widget\" data-e-type=\"widget\" data-widget_type=\"theme-post-featured-image.default\">\n\t\t\t\t<div class=\"elementor-widget-container\">\n\t\t\t\t\t\t\t\t\t\t\t\t\t\t\t<img loading=\"lazy\" decoding=\"async\" width=\"800\" height=\"534\" src=\"https:\/\/medecin.mu\/wp-content\/uploads\/2026\/03\/1Q3A0205-1-1024x683.avif\" class=\"attachment-large size-large wp-image-2707\" alt=\"\" srcset=\"https:\/\/medecin.mu\/wp-content\/uploads\/2026\/03\/1Q3A0205-1-1024x683.avif 1024w, https:\/\/medecin.mu\/wp-content\/uploads\/2026\/03\/1Q3A0205-1-300x200.avif 300w, https:\/\/medecin.mu\/wp-content\/uploads\/2026\/03\/1Q3A0205-1-768x512.avif 768w, https:\/\/medecin.mu\/wp-content\/uploads\/2026\/03\/1Q3A0205-1-1536x1025.avif 1536w, https:\/\/medecin.mu\/wp-content\/uploads\/2026\/03\/1Q3A0205-1-2048x1366.avif 2048w\" sizes=\"auto, (max-width: 800px) 100vw, 800px\" \/>\t\t\t\t\t\t\t\t\t\t\t\t\t\t\t<\/div>\n\t\t\t\t<\/div>\n\t\t<div class=\"elementor-element elementor-element-87e1f71 e-con-full e-flex e-con e-child\" data-id=\"87e1f71\" data-element_type=\"container\" data-e-type=\"container\">\n\t\t\t\t<div class=\"elementor-element elementor-element-da4b1bc elementor-widget elementor-widget-theme-post-title elementor-page-title elementor-widget-heading\" data-id=\"da4b1bc\" data-element_type=\"widget\" data-e-type=\"widget\" data-widget_type=\"theme-post-title.default\">\n\t\t\t\t<div class=\"elementor-widget-container\">\n\t\t\t\t\t<h2 class=\"elementor-heading-title elementor-size-default\">M\u00e9decin \u00e0 domicile \u00e0 Maurice \u2013 Guide complet | M\u00e9decin \u00e0 Domicile<\/h2>\t\t\t\t<\/div>\n\t\t\t\t<\/div>\n\t\t\t\t<div class=\"elementor-element elementor-element-13a0f13 elementor-widget elementor-widget-theme-post-excerpt\" data-id=\"13a0f13\" data-element_type=\"widget\" data-e-type=\"widget\" data-widget_type=\"theme-post-excerpt.default\">\n\t\t\t\t<div class=\"elementor-widget-container\">\n\t\t\t\t\t<p>M\u00e9decin \u00e0 domicile \u00e0 Maurice : le guide complet de M\u00e9decin \u00e0 Domicile Qu\u2019il s\u2019agisse d\u2019une fi\u00e8vre soudaine \u00e0 minuit, d\u2019un parent \u00e2g\u00e9 qui ne peut pas se d\u00e9placer jusqu\u2019\u00e0...\t\t\t\t<\/div>\n\t\t\t\t<\/div>\n\t\t\t\t<div class=\"elementor-element elementor-element-8a0cc64 elementor-widget elementor-widget-heading\" data-id=\"8a0cc64\" data-element_type=\"widget\" data-e-type=\"widget\" data-widget_type=\"heading.default\">\n\t\t\t\t<div class=\"elementor-widget-container\">\n\t\t\t\t\t<h4 class=\"elementor-heading-title elementor-size-default\">Read More<\/h4>\t\t\t\t<\/div>\n\t\t\t\t<\/div>\n\t\t\t\t<\/div>\n\t\t\t\t\t<\/div>\n\t\t\t\t<\/a>\n\t\t\t\t<\/div>\n\t\t\t\t<\/div>\n\t\t\n\t\t\t\t\t\t<\/div>\n\t\t\t\t<\/div>\n\t\t\t\t\t<\/div>\n\t\t\t\t<\/div>\n\t\t\t\t<\/div>\n\t\t","protected":false},"excerpt":{"rendered":"<p>Actualit\u00e9s Besoin d\u2019un m\u00e9decin \u00e0 domicile ? Appelez maintenant \u2013 86121<\/p>\n","protected":false},"author":1,"featured_media":0,"parent":0,"menu_order":0,"comment_status":"closed","ping_status":"closed","template":"elementor_header_footer","meta":{"footnotes":""},"class_list":["post-2869","page","type-page","status-publish","hentry"],"_links":{"self":[{"href":"https:\/\/medecin.mu\/fr\/wp-json\/wp\/v2\/pages\/2869","targetHints":{"allow":["GET"]}}],"collection":[{"href":"https:\/\/medecin.mu\/fr\/wp-json\/wp\/v2\/pages"}],"about":[{"href":"https:\/\/medecin.mu\/fr\/wp-json\/wp\/v2\/types\/page"}],"author":[{"embeddable":true,"href":"https:\/\/medecin.mu\/fr\/wp-json\/wp\/v2\/users\/1"}],"replies":[{"embeddable":true,"href":"https:\/\/medecin.mu\/fr\/wp-json\/wp\/v2\/comments?post=2869"}],"version-history":[{"count":1,"href":"https:\/\/medecin.mu\/fr\/wp-json\/wp\/v2\/pages\/2869\/revisions"}],"predecessor-version":[{"id":2870,"href":"https:\/\/medecin.mu\/fr\/wp-json\/wp\/v2\/pages\/2869\/revisions\/2870"}],"wp:attachment":[{"href":"https:\/\/medecin.mu\/fr\/wp-json\/wp\/v2\/media?parent=2869"}],"curies":[{"name":"wp","href":"https:\/\/api.w.org\/{rel}","templated":true}]}}