{"id":2828,"date":"2025-07-30T07:50:53","date_gmt":"2025-07-30T07:50:53","guid":{"rendered":"https:\/\/medecin.mu\/conditions-generales\/"},"modified":"2026-04-06T05:09:03","modified_gmt":"2026-04-06T05:09:03","slug":"conditions-generales","status":"publish","type":"page","link":"https:\/\/medecin.mu\/fr\/conditions-generales\/","title":{"rendered":"Conditions g\u00e9n\u00e9rales"},"content":{"rendered":"\t\t<div data-elementor-type=\"wp-page\" data-elementor-id=\"2828\" class=\"elementor elementor-2828 elementor-1144\" data-elementor-post-type=\"page\">\n\t\t\t\t<div class=\"elementor-element elementor-element-fd5e325 e-flex e-con-boxed e-con e-parent\" data-id=\"fd5e325\" data-element_type=\"container\" data-e-type=\"container\" data-settings=\"{&quot;background_background&quot;:&quot;slideshow&quot;,&quot;background_slideshow_gallery&quot;:[{&quot;id&quot;:2708,&quot;url&quot;:&quot;https:\\\/\\\/medecin.mu\\\/wp-content\\\/uploads\\\/2026\\\/01\\\/home-doctor-mauritius-clinic-headquarters.avif&quot;},{&quot;id&quot;:2710,&quot;url&quot;:&quot;https:\\\/\\\/medecin.mu\\\/wp-content\\\/uploads\\\/2026\\\/01\\\/medical-home-visit-mauritius-consultation.avif&quot;},{&quot;id&quot;:2711,&quot;url&quot;:&quot;https:\\\/\\\/medecin.mu\\\/wp-content\\\/uploads\\\/2026\\\/01\\\/docteur-a-domicile-maurice-clinic-reception.avif&quot;}],&quot;background_slideshow_loop&quot;:&quot;yes&quot;,&quot;background_slideshow_slide_duration&quot;:5000,&quot;background_slideshow_slide_transition&quot;:&quot;fade&quot;,&quot;background_slideshow_transition_duration&quot;:500}\">\n\t\t\t\t\t<div class=\"e-con-inner\">\n\t\t<div class=\"elementor-element elementor-element-7971028 e-con-full e-flex e-con e-child\" data-id=\"7971028\" data-element_type=\"container\" data-e-type=\"container\">\n\t\t\t\t<div class=\"elementor-element elementor-element-f46a08e elementor-hidden-mobile elementor-widget elementor-widget-spacer\" data-id=\"f46a08e\" data-element_type=\"widget\" data-e-type=\"widget\" data-widget_type=\"spacer.default\">\n\t\t\t\t<div class=\"elementor-widget-container\">\n\t\t\t\t\t\t\t<div class=\"elementor-spacer\">\n\t\t\t<div class=\"elementor-spacer-inner\"><\/div>\n\t\t<\/div>\n\t\t\t\t\t\t<\/div>\n\t\t\t\t<\/div>\n\t\t\t\t<div class=\"elementor-element elementor-element-ef773ac elementor-widget__width-initial animated-fast elementor-invisible elementor-widget elementor-widget-heading\" data-id=\"ef773ac\" data-element_type=\"widget\" data-e-type=\"widget\" data-settings=\"{&quot;_animation&quot;:&quot;fadeInUp&quot;}\" data-widget_type=\"heading.default\">\n\t\t\t\t<div class=\"elementor-widget-container\">\n\t\t\t\t\t<h1 class=\"elementor-heading-title elementor-size-default\">Conditions g\u00e9n\u00e9rales d\u2019utilisation de M\u00e9decin \u00e0 Domicile<\/h1>\t\t\t\t<\/div>\n\t\t\t\t<\/div>\n\t\t\t\t<\/div>\n\t\t<div class=\"elementor-element elementor-element-4d7330a e-con-full e-flex e-con e-child\" data-id=\"4d7330a\" data-element_type=\"container\" data-e-type=\"container\">\n\t\t\t\t<div class=\"elementor-element elementor-element-a9255a1 elementor-widget elementor-widget-image\" data-id=\"a9255a1\" data-element_type=\"widget\" data-e-type=\"widget\" data-widget_type=\"image.default\">\n\t\t\t\t<div class=\"elementor-widget-container\">\n\t\t\t\t\t\t\t\t\t\t\t\t\t\t\t<img loading=\"lazy\" decoding=\"async\" width=\"482\" height=\"194\" src=\"https:\/\/medecin.mu\/wp-content\/uploads\/2026\/01\/home-doctor-mauritius-24-7-coverage-map.avif\" class=\"attachment-large size-large wp-image-2709\" alt=\"Graphique montrant une carte de l&#039;\u00eele Maurice avec une ic\u00f4ne 24h\/24 et 7j\/7 et le texte \u00ab Vous restez chez vous Nous venons \u00e0 vous \u00bb.\" \/>\t\t\t\t\t\t\t\t\t\t\t\t\t\t\t<\/div>\n\t\t\t\t<\/div>\n\t\t\t\t<div class=\"elementor-element elementor-element-4ac0935 elementor-widget elementor-widget-image\" data-id=\"4ac0935\" data-element_type=\"widget\" data-e-type=\"widget\" data-widget_type=\"image.default\">\n\t\t\t\t<div class=\"elementor-widget-container\">\n\t\t\t\t\t\t\t\t\t\t\t\t\t\t\t<img loading=\"lazy\" decoding=\"async\" width=\"362\" height=\"195\" src=\"https:\/\/medecin.mu\/wp-content\/uploads\/2026\/01\/86121-hotline-medecin-a-domicile-mauritius.avif\" class=\"attachment-large size-large wp-image-2730\" alt=\"Num\u00e9ro de contact pour M\u00e9decin \u00e0 Domicile affichant la hotline 86121\" \/>\t\t\t\t\t\t\t\t\t\t\t\t\t\t\t<\/div>\n\t\t\t\t<\/div>\n\t\t\t\t<\/div>\n\t\t\t\t\t<\/div>\n\t\t\t\t<\/div>\n\t\t<div class=\"elementor-element elementor-element-728f9fe0 e-flex e-con-boxed e-con e-parent\" data-id=\"728f9fe0\" data-element_type=\"container\" data-e-type=\"container\">\n\t\t\t\t\t<div class=\"e-con-inner\">\n\t\t\t\t<div class=\"elementor-element elementor-element-564ba9a9 elementor-widget elementor-widget-text-editor\" data-id=\"564ba9a9\" data-element_type=\"widget\" data-e-type=\"widget\" data-widget_type=\"text-editor.default\">\n\t\t\t\t<div class=\"elementor-widget-container\">\n\t\t\t\t\t\t\t\t\t<div style=\"color: #1A4245; font-family: Arial, sans-serif; line-height: 1.6; font-size: 16px;\">\n\n\n  <p><strong>Derni\u00e8re mise \u00e0 jour :<\/strong> 30.07.2025<\/p>\n\n  <p>Bienvenue sur le site web de M\u00e9decin \u00e0 domicile Ltd (\u00ab nous \u00bb, \u00ab notre \u00bb ou \u00ab nos \u00bb). En acc\u00e9dant \u00e0 notre site web <strong>www.medecin.mu<\/strong> ou en l\u2019utilisant, vous acceptez d\u2019\u00eatre li\u00e9 par ces conditions g\u00e9n\u00e9rales. Si vous n\u2019\u00eates pas d\u2019accord, veuillez vous abstenir d\u2019utiliser le site.  <\/p>\n\n  <h3 style=\"color: #9FB97D; font-size: 24px; font-weight: bold;\">1. Utilisation du site web<\/h3>\n  <p>Vous acceptez d\u2019utiliser ce site web uniquement \u00e0 des fins licites et d\u2019une mani\u00e8re qui ne porte pas atteinte aux droits d\u2019autrui, ni n\u2019en restreint l\u2019utilisation.<\/p>\n\n  <h3 style=\"color: #9FB97D; font-size: 24px; font-weight: bold;\">2. Propri\u00e9t\u00e9 intellectuelle<\/h3>\n  <p>Tout le contenu de ce site, y compris les textes, graphiques, logos, images et logiciels, est la propri\u00e9t\u00e9 de M\u00e9decin \u00e0 domicile Ltd ou de ses fournisseurs de contenu et est prot\u00e9g\u00e9 par les lois applicables sur le droit d\u2019auteur et la propri\u00e9t\u00e9 intellectuelle.<\/p>\n\n  <h3 style=\"color: #9FB97D; font-size: 24px; font-weight: bold;\">3. Services m\u00e9dicaux<\/h3>\n  <p>Les informations fournies sur ce site le sont uniquement \u00e0 titre indicatif et ne remplacent pas un avis m\u00e9dical professionnel. Pour toute question relative \u00e0 la sant\u00e9, veuillez consulter directement l\u2019un de nos professionnels de sant\u00e9 agr\u00e9\u00e9s. <\/p>\n\n  <h3 style=\"color: #9FB97D; font-size: 24px; font-weight: bold;\">4. Rendez-vous et paiements<\/h3>\n  <p>La r\u00e9servation de rendez-vous en ligne et le paiement (si activ\u00e9s) sont soumis \u00e0 confirmation et disponibilit\u00e9. Nous nous r\u00e9servons le droit d\u2019annuler ou de reporter les rendez-vous si n\u00e9cessaire. <\/p>\n\n  <h3 style=\"color: #9FB97D; font-size: 24px; font-weight: bold;\">5. Limitation de responsabilit\u00e9<\/h3>\n  <p>Nous mettons tout en \u0153uvre pour garantir l\u2019exactitude des informations fournies, mais nous d\u00e9clinons toute responsabilit\u00e9 pour toute perte ou tout dommage d\u00e9coulant de l\u2019utilisation de ce site web.<\/p>\n\n  <h3 style=\"color: #9FB97D; font-size: 24px; font-weight: bold;\">6. Modifications<\/h3>\n  <p>Nous pouvons modifier ces conditions \u00e0 tout moment et sans pr\u00e9avis. L\u2019utilisation continue du site web constitue votre acceptation de tout changement. <\/p>\n\n  <h3 style=\"color: #9FB97D; font-size: 24px; font-weight: bold;\">7. Contact<\/h3>\n  <p>Pour toute question ou pr\u00e9occupation concernant ces conditions, veuillez nous contacter \u00e0 l\u2019adresse suivante :<\/p>\n  <ul>\n    <li><strong>E-mail :<\/strong> operations@medecin.mu<\/li>\n    <li><strong>Adresse :<\/strong> The Hybrid, Telfair, Moka, Maurice<\/li>\n    <li><strong>T\u00e9l\u00e9phone :<\/strong> +230 58 01 7777<\/li>\n  <\/ul>\n\n<\/div>\n\t\t\t\t\t\t\t\t<\/div>\n\t\t\t\t<\/div>\n\t\t\t\t\t<\/div>\n\t\t\t\t<\/div>\n\t\t\t\t<\/div>\n\t\t","protected":false},"excerpt":{"rendered":"<p>Conditions g\u00e9n\u00e9rales d\u2019utilisation de M\u00e9decin \u00e0 Domicile Derni\u00e8re mise \u00e0 jour : 30.07.2025 Bienvenue sur le site web de M\u00e9decin \u00e0 domicile Ltd (\u00ab nous \u00bb, \u00ab notre \u00bb ou \u00ab nos \u00bb). En acc\u00e9dant \u00e0 notre site web www.medecin.mu ou en l\u2019utilisant, vous acceptez d\u2019\u00eatre li\u00e9 par ces conditions g\u00e9n\u00e9rales. Si vous n\u2019\u00eates pas [&hellip;]<\/p>\n","protected":false},"author":1,"featured_media":0,"parent":0,"menu_order":0,"comment_status":"closed","ping_status":"open","template":"","meta":{"footnotes":""},"class_list":["post-2828","page","type-page","status-publish","hentry"],"_links":{"self":[{"href":"https:\/\/medecin.mu\/fr\/wp-json\/wp\/v2\/pages\/2828","targetHints":{"allow":["GET"]}}],"collection":[{"href":"https:\/\/medecin.mu\/fr\/wp-json\/wp\/v2\/pages"}],"about":[{"href":"https:\/\/medecin.mu\/fr\/wp-json\/wp\/v2\/types\/page"}],"author":[{"embeddable":true,"href":"https:\/\/medecin.mu\/fr\/wp-json\/wp\/v2\/users\/1"}],"replies":[{"embeddable":true,"href":"https:\/\/medecin.mu\/fr\/wp-json\/wp\/v2\/comments?post=2828"}],"version-history":[{"count":1,"href":"https:\/\/medecin.mu\/fr\/wp-json\/wp\/v2\/pages\/2828\/revisions"}],"predecessor-version":[{"id":2829,"href":"https:\/\/medecin.mu\/fr\/wp-json\/wp\/v2\/pages\/2828\/revisions\/2829"}],"wp:attachment":[{"href":"https:\/\/medecin.mu\/fr\/wp-json\/wp\/v2\/media?parent=2828"}],"curies":[{"name":"wp","href":"https:\/\/api.w.org\/{rel}","templated":true}]}}